
{"id":33,"date":"2024-08-24T16:47:31","date_gmt":"2024-08-24T13:47:31","guid":{"rendered":"https:\/\/m2-estate.com\/fr\/?page_id=33"},"modified":"2024-08-24T16:51:51","modified_gmt":"2024-08-24T13:51:51","slug":"privacy-policy","status":"publish","type":"page","link":"https:\/\/m2-estate.com\/fr\/privacy-policy\/","title":{"rendered":"Politique de confidentialit\u00e9"},"content":{"rendered":"<h1>Politique de confidentialit\u00e9<\/h1>\n<p>&nbsp;<\/p>\n<h2>Propri\u00e9taire et responsable du traitement des donn\u00e9es<\/h2>\n<p><strong>M2 Immobilier<\/strong><\/p>\n<p>Email de contact du propri\u00e9taire\u00a0: <a href=\"mailto:info@m2-estate.com\">info@m2-estate.com<\/a><\/p>\n<p>&nbsp;<\/p>\n<h2>Cat\u00e9gories de donn\u00e9es collect\u00e9es<\/h2>\n<p>Les cat\u00e9gories de Donn\u00e9es personnelles collect\u00e9es par l&rsquo;Application (soit de mani\u00e8re ind\u00e9pendante, soit par l&rsquo;interm\u00e9diaire de tiers) comprennent\u00a0:\u00a0Trackers\u00a0; Donn\u00e9es sur l&rsquo;utilisation des ressources du r\u00e9seau\u00a0; Nom; num\u00e9ro de t\u00e9l\u00e9phone; adresse email.<\/p>\n<p>Les d\u00e9tails complets de chaque cat\u00e9gorie de donn\u00e9es personnelles collect\u00e9es sont fournis dans les sections pertinentes de cette politique de confidentialit\u00e9 ou dans des textes explicatifs sp\u00e9ciaux qui sont affich\u00e9s avant la collecte des donn\u00e9es.<\/p>\n<p>Les donn\u00e9es personnelles peuvent \u00eatre fournies par l&rsquo;Utilisateur de mani\u00e8re ind\u00e9pendante ou, dans le cas des Donn\u00e9es d&rsquo;Utilisation, elles peuvent \u00eatre automatiquement collect\u00e9es par l&rsquo;Application lors de son utilisation.<\/p>\n<p>Sauf indication contraire, toutes les Donn\u00e9es demand\u00e9es par l\u2019Application sont obligatoires. Si les Donn\u00e9es sp\u00e9cifi\u00e9es ne sont pas fournies, l&rsquo;Application pourrait ne pas \u00eatre en mesure de fournir ses services. Dans les cas o\u00f9 l&rsquo;Application indique directement que certaines Donn\u00e9es ne doivent pas \u00eatre fournies, les Utilisateurs ont le droit de ne pas fournir les Donn\u00e9es concern\u00e9es sans aucune cons\u00e9quence concernant la disponibilit\u00e9 ou le fonctionnement du Service.<\/p>\n<p>Il est conseill\u00e9 aux utilisateurs qui ne savent pas quelles donn\u00e9es personnelles sont requises de contacter le propri\u00e9taire.<\/p>\n<p>L&rsquo;Application ou les propri\u00e9taires de services tiers qui utilisent l&rsquo;Application utilisent des Cookies (ou autres outils de suivi) uniquement dans le but de fournir le Service requis par l&rsquo;Utilisateur, ainsi qu&rsquo;\u00e0 toute autre fin sp\u00e9cifi\u00e9e dans le pr\u00e9sent document et dans le R\u00e8glement. concernant l&rsquo;utilisation des cookies \u00bb (le cas \u00e9ch\u00e9ant).<\/p>\n<p>Les utilisateurs sont responsables de toutes les donn\u00e9es personnelles de tiers qu&rsquo;ils re\u00e7oivent, publient ou fournissent \u00e0 des tiers, obtenues, publi\u00e9es ou transmises via cette application, et confirment qu&rsquo;ils ont obtenu le consentement du tiers concern\u00e9 pour fournir les donn\u00e9es au propri\u00e9taire.<\/p>\n<h2><\/h2>\n<h2>M\u00e9thode et lieu de traitement des donn\u00e9es<\/h2>\n<h3>M\u00e9thodes de traitement<\/h3>\n<p>Le Propri\u00e9taire prend des mesures de s\u00e9curit\u00e9 ad\u00e9quates pour emp\u00eacher l&rsquo;acc\u00e8s non autoris\u00e9, la divulgation, la modification ou la destruction non autoris\u00e9e des Donn\u00e9es.<\/p>\n<p>Le traitement des donn\u00e9es est effectu\u00e9 \u00e0 l&rsquo;aide d&rsquo;ordinateurs et\/ou d&rsquo;installations informatiques conform\u00e9ment \u00e0 des proc\u00e9dures et m\u00e9thodes organisationnelles strictement li\u00e9es aux finalit\u00e9s d\u00e9clar\u00e9es.<\/p>\n<p>Dans certains cas, les Donn\u00e9es peuvent \u00eatre accessibles, outre le Propri\u00e9taire, \u00e0 certaines cat\u00e9gories de personnes responsables impliqu\u00e9es dans le fonctionnement de cette Application (administration, service commercial, service marketing, service juridique, administrateurs syst\u00e8me), ou \u00e0 des tiers. parties (telles que des prestataires de services techniques tiers, des organisations postales, des prestataires de services d&rsquo;h\u00e9bergement, des soci\u00e9t\u00e9s de fourniture de technologies de l&rsquo;information, des services de communication) auxquelles le Propri\u00e9taire donne instruction, si n\u00e9cessaire, d&rsquo;exercer les fonctions de Sous-traitant des donn\u00e9es.<\/p>\n<p>Une liste mise \u00e0 jour des personnes et parties nomm\u00e9es peut \u00eatre demand\u00e9e au Propri\u00e9taire \u00e0 tout moment.<\/p>\n<h3>Base juridique du traitement<\/h3>\n<p>Le Propri\u00e9taire peut traiter les Donn\u00e9es Personnelles relatives aux Utilisateurs si l&rsquo;un des crit\u00e8res suivants s&rsquo;applique :<\/p>\n<ul>\n<li>Les utilisateurs ont donn\u00e9 leur consentement \u00e0 l&rsquo;utilisation des donn\u00e9es pour une ou plusieurs finalit\u00e9s sp\u00e9cifiques. Remarque : Certaines juridictions peuvent autoriser le Propri\u00e9taire \u00e0 traiter les Donn\u00e9es personnelles jusqu&rsquo;\u00e0 ce que l&rsquo;Utilisateur s&rsquo;y oppose (\u00ab opt-out \u00bb), sans avoir \u00e0 s&rsquo;appuyer sur le consentement ou sur toute autre base juridique r\u00e9pertori\u00e9e ci-dessous. Toutefois, ce qui pr\u00e9c\u00e8de ne s&rsquo;applique pas lorsque le traitement des donn\u00e9es personnelles est soumis \u00e0 la l\u00e9gislation europ\u00e9enne sur la protection des donn\u00e9es\u00a0;<\/li>\n<li>la fourniture de donn\u00e9es est n\u00e9cessaire pour remplir l&rsquo;accord avec l&rsquo;utilisateur et (ou) toute obligation pr\u00e9c\u00e9dant la conclusion du contrat\u00a0;<\/li>\n<li>le traitement est n\u00e9cessaire pour remplir une obligation l\u00e9gale impos\u00e9e au propri\u00e9taire\u00a0;<\/li>\n<li>le traitement est li\u00e9 \u00e0 une t\u00e2che effectu\u00e9e dans l&rsquo;int\u00e9r\u00eat public ou dans l&rsquo;exercice de l&rsquo;autorit\u00e9 publique dont est investi le Propri\u00e9taire\u00a0;<\/li>\n<li>le traitement est n\u00e9cessaire pour garantir les int\u00e9r\u00eats l\u00e9gitimes du Propri\u00e9taire ou d&rsquo;un tiers.<\/li>\n<\/ul>\n<p>Dans tous les cas, le Propri\u00e9taire se fera un plaisir de contribuer \u00e0 clarifier la base juridique sp\u00e9cifique qui s&rsquo;applique au traitement, et notamment si la fourniture de Donn\u00e9es personnelles est une exigence l\u00e9gale ou contractuelle, ou une exigence n\u00e9cessaire pour conclure un contrat.<\/p>\n<h3>Lieu<\/h3>\n<p>Les donn\u00e9es sont trait\u00e9es dans les si\u00e8ges op\u00e9rationnels du Propri\u00e9taire et dans tout autre lieu o\u00f9 se trouvent les parties impliqu\u00e9es dans leur traitement.<br \/>\nEn fonction de la localisation de l&rsquo;Utilisateur, le transfert de donn\u00e9es peut impliquer le transfert de Donn\u00e9es Utilisateur vers un pays ou un autre en dehors de son propre pays. Pour des informations plus d\u00e9taill\u00e9es sur le lieu de traitement de ces Donn\u00e9es transf\u00e9r\u00e9es, les Utilisateurs peuvent se r\u00e9f\u00e9rer \u00e0 la section contenant des informations d\u00e9taill\u00e9es sur le traitement des Donn\u00e9es Personnelles.<\/p>\n<p>Les Utilisateurs ont \u00e9galement le droit de prendre connaissance de la base juridique du transfert de Donn\u00e9es vers un pays ext\u00e9rieur \u00e0 l&rsquo;Union Europ\u00e9enne ou vers toute organisation internationale r\u00e9gie par le droit international public ou \u00e9tablie par deux ou plusieurs pays, telle que l&rsquo;ONU, ainsi que les mesures de s\u00e9curit\u00e9 prises par le Propri\u00e9taire pour prot\u00e9ger ses Donn\u00e9es.<\/p>\n<p>Si un tel transfert se produit, les Utilisateurs peuvent obtenir des informations compl\u00e9mentaires en consultant les sections concern\u00e9es de ce document ou en demander au Propri\u00e9taire en utilisant les informations fournies dans la section coordonn\u00e9es.<\/p>\n<h3>Dur\u00e9e de conservation<\/h3>\n<p>Les donn\u00e9es personnelles doivent \u00eatre trait\u00e9es et conserv\u00e9es aussi longtemps que n\u00e9cessaire aux finalit\u00e9s pour lesquelles elles ont \u00e9t\u00e9 collect\u00e9es.<\/p>\n<p>Ainsi:<\/p>\n<ul>\n<li>Les donn\u00e9es personnelles collect\u00e9es \u00e0 des fins li\u00e9es \u00e0 l&rsquo;ex\u00e9cution d&rsquo;un accord entre le propri\u00e9taire et l&rsquo;utilisateur sont conserv\u00e9es jusqu&rsquo;\u00e0 ce que cet accord soit enti\u00e8rement ex\u00e9cut\u00e9.<\/li>\n<li>Les donn\u00e9es personnelles collect\u00e9es pour garantir que les int\u00e9r\u00eats l\u00e9gitimes du Propri\u00e9taire sont conserv\u00e9es aussi longtemps qu&rsquo;elles sont n\u00e9cessaires pour atteindre ces objectifs. Les utilisateurs peuvent trouver des informations sp\u00e9cifiques sur les int\u00e9r\u00eats l\u00e9gitimes poursuivis par le Propri\u00e9taire dans les sections pertinentes de ce document ou en contactant le Propri\u00e9taire.<\/li>\n<\/ul>\n<p>Le Propri\u00e9taire peut \u00eatre autoris\u00e9 \u00e0 conserver les Donn\u00e9es personnelles pendant une p\u00e9riode plus longue si l&rsquo;Utilisateur a consenti \u00e0 un tel traitement, jusqu&rsquo;\u00e0 ce que ce consentement soit retir\u00e9. En outre, le Propri\u00e9taire peut \u00eatre amen\u00e9 \u00e0 conserver les Donn\u00e9es Personnelles pendant une p\u00e9riode plus longue s&rsquo;il y est contraint pour se conformer \u00e0 une obligation l\u00e9gale ou sur ordre d&rsquo;une autorit\u00e9 gouvernementale.<\/p>\n<p>A l\u2019expiration de la dur\u00e9e de conservation, les Donn\u00e9es Personnelles sont supprim\u00e9es. Ainsi, le droit d\u2019acc\u00e8s, le droit \u00e0 l\u2019effacement, le droit de rectification et le droit \u00e0 la portabilit\u00e9 des donn\u00e9es ne pourront \u00eatre exerc\u00e9s apr\u00e8s l\u2019expiration de la dur\u00e9e de conservation.<\/p>\n<h2><\/h2>\n<h2>Finalit\u00e9s du traitement<\/h2>\n<p>La collecte des Donn\u00e9es relatives \u00e0 l&rsquo;Utilisateur est effectu\u00e9e afin de permettre au Propri\u00e9taire de fournir le Service, de se conformer aux exigences l\u00e9gales, de r\u00e9pondre aux demandes des forces de l&rsquo;ordre, de prot\u00e9ger ses droits et int\u00e9r\u00eats (ou les droits et int\u00e9r\u00eats des Utilisateurs ou de tiers). parties), identifier toute activit\u00e9 malveillante ou frauduleuse, ainsi qu&rsquo;aux fins suivantes\u00a0:\u00a0Analyse et prise de contact avec l&rsquo;Utilisateur.<\/p>\n<p>Les utilisateurs peuvent trouver des informations sp\u00e9cifiques sur les donn\u00e9es personnelles utilis\u00e9es pour atteindre chaque finalit\u00e9 dans la section \u00ab Informations d\u00e9taill\u00e9es sur le traitement des donn\u00e9es personnelles \u00bb.<\/p>\n<h2><\/h2>\n<h2>Informations d\u00e9taill\u00e9es sur le traitement des donn\u00e9es personnelles<\/h2>\n<p>Les donn\u00e9es personnelles sont collect\u00e9es aux fins suivantes et en utilisant les services suivants :<\/p>\n<h3>\u00b7Analyses<\/h3>\n<h3>\u00b7Etablissement du contact avec l&rsquo;Utilisateur<\/h3>\n<h2><\/h2>\n<h2>Droits de l&rsquo;utilisateur<\/h2>\n<p>Les Utilisateurs peuvent exercer certains droits relatifs \u00e0 leurs Donn\u00e9es trait\u00e9es par le Propri\u00e9taire.<\/p>\n<p>Les Utilisateurs ont notamment le droit d&rsquo;effectuer les actions suivantes dans les limites pr\u00e9vues par la loi :<\/p>\n<ul>\n<li>Retirez votre consentement \u00e0 tout moment.Les utilisateurs ont le droit de retirer leur consentement s&rsquo;ils ont pr\u00e9alablement donn\u00e9 leur consentement au traitement de leurs donn\u00e9es personnelles.<\/li>\n<li>S&rsquo;opposer au traitement de vos donn\u00e9es.Les Utilisateurs ont le droit de s&rsquo;opposer au traitement de leurs Donn\u00e9es si le traitement est effectu\u00e9 sur une base juridique autre que leur consentement. Des informations plus d\u00e9taill\u00e9es sur ce probl\u00e8me sont fournies dans la section correspondante ci-dessous.<\/li>\n<li>Acc\u00e9dez \u00e0 vos donn\u00e9es.Les utilisateurs ont le droit de savoir si les donn\u00e9es sont trait\u00e9es par le propri\u00e9taire, d&rsquo;obtenir des informations sur certains aspects du traitement et d&rsquo;obtenir une copie des donn\u00e9es en cours de traitement.<\/li>\n<li>V\u00e9rifiez les donn\u00e9es et demandez une correction.Les Utilisateurs ont le droit de v\u00e9rifier l&rsquo;exactitude de leurs Donn\u00e9es et de demander qu&rsquo;elles soient mises \u00e0 jour ou rectifi\u00e9es.<\/li>\n<li>Limiter le traitement de vos donn\u00e9es.Les utilisateurs ont le droit de limiter le traitement de leurs donn\u00e9es. Dans ce cas, le Propri\u00e9taire ne traitera ses Donn\u00e9es \u00e0 aucune fin autre que leur stockage.<\/li>\n<li>Demander que leurs donn\u00e9es personnelles soient supprim\u00e9es ou autrement d\u00e9truites.Les utilisateurs ont le droit de demander au Propri\u00e9taire de supprimer leurs Donn\u00e9es.<\/li>\n<li>Recevez vos donn\u00e9es et transf\u00e9rez-les \u00e0 un autre responsable du traitement.Les utilisateurs ont le droit de recevoir leurs donn\u00e9es dans un format structur\u00e9, couramment utilis\u00e9 et lisible par machine et, si cela est techniquement possible, de les faire transmettre sans entrave \u00e0 un autre responsable du traitement.<\/li>\n<li>Envoyez une r\u00e9clamation.Les utilisateurs ont le droit de d\u00e9poser une plainte aupr\u00e8s de l&rsquo;autorit\u00e9 comp\u00e9tente en mati\u00e8re de protection des donn\u00e9es.<\/li>\n<\/ul>\n<h3><\/h3>\n<h3>Informations sur le droit d&rsquo;opposition au traitement des Donn\u00e9es<\/h3>\n<p>Dans les cas o\u00f9<\/p>\n<p>Les Donn\u00e9es Personnelles sont trait\u00e9es pour des raisons d&rsquo;int\u00e9r\u00eat public, dans l&rsquo;exercice de l&rsquo;autorit\u00e9 publique dont est investi le Propri\u00e9taire ou aux fins des int\u00e9r\u00eats l\u00e9gitimes poursuivis par le Propri\u00e9taire. Les Utilisateurs peuvent s&rsquo;opposer \u00e0 un tel traitement en justifiant d&rsquo;un motif tenant \u00e0 leur situation particuli\u00e8re. de l\u2019objection.<\/p>\n<p>Toutefois, les Utilisateurs doivent \u00eatre conscients que si leurs Donn\u00e9es Personnelles sont trait\u00e9es \u00e0 des fins de marketing direct, ils peuvent s&rsquo;opposer \u00e0 ce traitement \u00e0 tout moment et gratuitement, sans fournir de justification. D\u00e8s r\u00e9ception de l&rsquo;opposition de l&rsquo;utilisateur au traitement \u00e0 des fins de marketing direct, le traitement des donn\u00e9es personnelles \u00e0 ces fins prend fin. L&rsquo;Utilisateur peut savoir si le Propri\u00e9taire traite les Donn\u00e9es Personnelles \u00e0 des fins de marketing direct en lisant les sections pertinentes de ce document.<\/p>\n<h3><\/h3>\n<h3>Proc\u00e9dure d&rsquo;exercice de ces droits<\/h3>\n<p>Toute demande concernant l&rsquo;exercice des droits de l&rsquo;Utilisateur peut \u00eatre adress\u00e9e au Propri\u00e9taire en utilisant les coordonn\u00e9es fournies dans ce document. Il n&rsquo;y a aucun frais pour le traitement de ces demandes. Le Propri\u00e9taire y r\u00e9pondra dans les plus brefs d\u00e9lais, sans d\u00e9passer un mois, en fournissant aux Utilisateurs les informations requises par la loi. Le Propri\u00e9taire informera chaque destinataire auquel les Donn\u00e9es personnelles (le cas \u00e9ch\u00e9ant) ont \u00e9t\u00e9 divulgu\u00e9es de toute correction ou suppression de Donn\u00e9es personnelles ou restriction de leur traitement, \u00e0 moins que cela ne soit impossible ou n\u00e9cessite des efforts disproportionn\u00e9s. A la demande des Utilisateurs, le Propri\u00e9taire les informera de ces destinataires.<\/p>\n<h2><\/h2>\n<h2>Informations compl\u00e9mentaires sur la collecte et le traitement des Donn\u00e9es<\/h2>\n<h3>Poursuites<\/h3>\n<p>Les donn\u00e9es personnelles de l&rsquo;Utilisateur pourront \u00eatre utilis\u00e9es par le Propri\u00e9taire dans le cadre de proc\u00e9dures judiciaires ou \u00e0 des \u00e9tapes conduisant \u00e0 un \u00e9ventuel recours en justice du fait d&rsquo;une utilisation inappropri\u00e9e de l&rsquo;Application ou des Services associ\u00e9s.<br \/>\nL&rsquo;Utilisateur d\u00e9clare \u00eatre conscient que le Propri\u00e9taire peut \u00eatre contraint de fournir des Donn\u00e9es Personnelles \u00e0 la demande des autorit\u00e9s gouvernementales.<\/p>\n<h3>Informations compl\u00e9mentaires sur les donn\u00e9es personnelles de l&rsquo;utilisateur<\/h3>\n<p>En plus des informations contenues dans la pr\u00e9sente politique de confidentialit\u00e9, l&rsquo;Application peut fournir, \u00e0 la demande de l&rsquo;Utilisateur, des informations suppl\u00e9mentaires et contextuelles concernant des Services sp\u00e9cifiques ou la collecte et le traitement des Donn\u00e9es Personnelles.<\/p>\n<h3>Journaux syst\u00e8me et maintenance<\/h3>\n<p>Afin d&rsquo;assurer le fonctionnement du syst\u00e8me et sa maintenance, l&rsquo;Application et tout service tiers peuvent collecter des fichiers qui enregistrent la fa\u00e7on dont l&rsquo;Application interagit avec les Utilisateurs (journaux syst\u00e8me), ou utiliser d&rsquo;autres Donn\u00e9es personnelles (notamment l&rsquo;adresse IP) pour ce but.<\/p>\n<h3>Informations non incluses dans ce r\u00e8glement<\/h3>\n<p>Des informations suppl\u00e9mentaires concernant la collecte ou le traitement des donn\u00e9es personnelles peuvent \u00eatre demand\u00e9es au propri\u00e9taire \u00e0 tout moment. Voir les coordonn\u00e9es indiqu\u00e9es au d\u00e9but de ce document.<\/p>\n<h3>Comment les demandes Do Not Track sont trait\u00e9es<\/h3>\n<p>L&rsquo;application ne prend pas en charge les demandes Do Not Track.<br \/>\nPour d\u00e9terminer si un service tiers que vous utilisez prend en charge les demandes Do Not Track, veuillez consulter leurs pratiques de confidentialit\u00e9 applicables.<\/p>\n<h3>Modifications de ces r\u00e8gles pour assurer la confidentialit\u00e9 des donn\u00e9es personnelles<\/h3>\n<p>Le Propri\u00e9taire se r\u00e9serve le droit d&rsquo;apporter des modifications \u00e0 ces politiques de confidentialit\u00e9 \u00e0 tout moment en informant les Utilisateurs sur cette page et \u00e9ventuellement au sein de cette Application et\/ou &#8211; dans la mesure techniquement et l\u00e9galement possible &#8211; en envoyant une notification aux Utilisateurs en utilisant toutes les informations de contact disponibles. au Propri\u00e9taire. Nous vous recommandons fortement de consulter fr\u00e9quemment cette page et de vous r\u00e9f\u00e9rer \u00e0 la date de derni\u00e8re modification indiqu\u00e9e ci-dessous.<\/p>\n<p>Dans le cas o\u00f9 des modifications affectent les activit\u00e9s de traitement effectu\u00e9es sur la base du consentement de l&rsquo;Utilisateur, le Propri\u00e9taire doit obtenir \u00e0 nouveau le consentement de l&rsquo;Utilisateur si n\u00e9cessaire.<\/p>\n","protected":false},"excerpt":{"rendered":"<p>Politique de confidentialit\u00e9 &nbsp; Propri\u00e9taire et responsable du traitement des donn\u00e9es M2 Immobilier Email de contact du propri\u00e9taire\u00a0: info@m2-estate.com &nbsp; Cat\u00e9gories de donn\u00e9es collect\u00e9es Les cat\u00e9gories de Donn\u00e9es personnelles collect\u00e9es par l&rsquo;Application (soit de mani\u00e8re ind\u00e9pendante, soit par l&rsquo;interm\u00e9diaire de tiers) comprennent\u00a0:\u00a0Trackers\u00a0; Donn\u00e9es sur l&rsquo;utilisation des ressources du r\u00e9seau\u00a0; Nom; num\u00e9ro de t\u00e9l\u00e9phone; adresse email. [&hellip;]<\/p>\n","protected":false},"author":1,"featured_media":0,"parent":0,"menu_order":0,"comment_status":"closed","ping_status":"closed","template":"templates\/privacy-policy.php","meta":{"_acf_changed":false,"footnotes":""},"class_list":["post-33","page","type-page","status-publish","hentry"],"acf":[],"_links":{"self":[{"href":"https:\/\/m2-estate.com\/fr\/wp-json\/wp\/v2\/pages\/33","targetHints":{"allow":["GET"]}}],"collection":[{"href":"https:\/\/m2-estate.com\/fr\/wp-json\/wp\/v2\/pages"}],"about":[{"href":"https:\/\/m2-estate.com\/fr\/wp-json\/wp\/v2\/types\/page"}],"author":[{"embeddable":true,"href":"https:\/\/m2-estate.com\/fr\/wp-json\/wp\/v2\/users\/1"}],"replies":[{"embeddable":true,"href":"https:\/\/m2-estate.com\/fr\/wp-json\/wp\/v2\/comments?post=33"}],"version-history":[{"count":0,"href":"https:\/\/m2-estate.com\/fr\/wp-json\/wp\/v2\/pages\/33\/revisions"}],"wp:attachment":[{"href":"https:\/\/m2-estate.com\/fr\/wp-json\/wp\/v2\/media?parent=33"}],"curies":[{"name":"wp","href":"https:\/\/api.w.org\/{rel}","templated":true}]}}